{"id":7,"date":"2024-08-29T12:05:28","date_gmt":"2024-08-29T12:05:28","guid":{"rendered":"https:\/\/maritexkapell.se\/?page_id=7"},"modified":"2024-09-20T09:43:34","modified_gmt":"2024-09-20T09:43:34","slug":"hem","status":"publish","type":"page","link":"https:\/\/maritexkapell.se\/","title":{"rendered":"Hem"},"content":{"rendered":"<p>[et_pb_section fb_built=&#8221;1&#8243; admin_label=&#8221;Header&#8221; _builder_version=&#8221;4.27.0&#8243; _module_preset=&#8221;default&#8221; background_image=&#8221;https:\/\/maritexkapell.se\/wp-content\/uploads\/2024\/08\/Aquador-scaled.jpg&#8221; parallax=&#8221;on&#8221; min_height=&#8221;770px&#8221; custom_padding=&#8221;0vw||20vw||false|false&#8221; border_radii=&#8221;off|3vw|3vw|3vw|3vw&#8221; collapsed=&#8221;on&#8221; global_colors_info=&#8221;{}&#8221;][et_pb_row _builder_version=&#8221;4.24.0&#8243; _module_preset=&#8221;default&#8221; max_width=&#8221;1800px&#8221; global_colors_info=&#8221;{}&#8221;][et_pb_column type=&#8221;4_4&#8243; _builder_version=&#8221;4.22.0&#8243; _module_preset=&#8221;default&#8221; global_colors_info=&#8221;{}&#8221;][et_pb_text _builder_version=&#8221;4.27.0&#8243; _module_preset=&#8221;734bd7b2-54b6-43ad-bda6-059fa05008b8&#8243; background_layout=&#8221;dark&#8221; max_width=&#8221;1440px&#8221; custom_margin=&#8221;||10px||false|false&#8221; global_colors_info=&#8221;{}&#8221;]<\/p>\n<h1>Maritex Kapell AB<\/h1>\n<p>&nbsp;<\/p>\n<p>[\/et_pb_text][et_pb_text _builder_version=&#8221;4.27.0&#8243; _module_preset=&#8221;5f228fcc-af2f-4a79-bd4e-0426297351ac&#8221; text_text_color=&#8221;#1ec8db&#8221; background_layout=&#8221;dark&#8221; max_width=&#8221;1440px&#8221; global_colors_info=&#8221;{}&#8221;]<\/p>\n<h4>Kapell f\u00f6r alla v\u00e4der!<\/h4>\n<p>[\/et_pb_text][et_pb_button button_url=&#8221;https:\/\/maritexkapell.se\/?page_id=75&#8243; button_text=&#8221;Beg\u00e4r Offert &#8221; _builder_version=&#8221;4.27.0&#8243; _module_preset=&#8221;b99d8e81-85ad-427a-889e-1e2865e7f7b9&#8243; button_bg_color=&#8221;#0C71C3&#8243; global_colors_info=&#8221;{}&#8221;][\/et_pb_button][\/et_pb_column][\/et_pb_row][\/et_pb_section][et_pb_section fb_built=&#8221;1&#8243; admin_label=&#8221;About&#8221; _builder_version=&#8221;4.24.0&#8243; _module_preset=&#8221;default&#8221; collapsed=&#8221;on&#8221; global_colors_info=&#8221;{}&#8221;][et_pb_row column_structure=&#8221;2_3,1_3&#8243; _builder_version=&#8221;4.24.0&#8243; _module_preset=&#8221;default&#8221; max_width=&#8221;1800px&#8221; global_colors_info=&#8221;{}&#8221;][et_pb_column type=&#8221;2_3&#8243; _builder_version=&#8221;4.22.0&#8243; _module_preset=&#8221;default&#8221; global_colors_info=&#8221;{}&#8221;][et_pb_text _builder_version=&#8221;4.22.0&#8243; _module_preset=&#8221;716df694-8c4e-4054-94df-4b40715cf85f&#8221; hover_enabled=&#8221;0&#8243; global_colors_info=&#8221;{}&#8221; sticky_enabled=&#8221;0&#8243;]<\/p>\n<h2>Vi str\u00e4var alltid efter att leverera b\u00e4sta m\u00f6jliga kapell.<\/h2>\n<p>[\/et_pb_text][\/et_pb_column][et_pb_column type=&#8221;1_3&#8243; _builder_version=&#8221;4.22.0&#8243; _module_preset=&#8221;default&#8221; global_colors_info=&#8221;{}&#8221;][et_pb_text _builder_version=&#8221;4.27.0&#8243; _module_preset=&#8221;9b28da4b-a482-4cb9-984f-e4a84e705e66&#8243; hover_enabled=&#8221;0&#8243; global_colors_info=&#8221;{}&#8221; sticky_enabled=&#8221;0&#8243;]Vi p\u00e5 Maritex Kapell f\u00f6rst\u00e5r att varje b\u00e5t och \u00e4ventyr \u00e4r unikt, d\u00e4rf\u00f6r erbjuder vi inte bara skr\u00e4ddarsydda kapell utan ocks\u00e5 en helhetsl\u00f6sning som st\u00e4rker ditt f\u00f6rtroende till sj\u00f6ss. V\u00e5r passion f\u00f6r detaljer och kvalitet genomsyrar allt vi g\u00f6r, fr\u00e5n materialval till design. Oavsett om du beh\u00f6ver skydd mot regn, sol eller vind, st\u00e5r vi redo att ta fram den perfekta l\u00f6sningen f\u00f6r att du ska k\u00e4nna dig trygg och bekv\u00e4m under varje resa. Ge dig sj\u00e4lv den friheten och njut av ditt marina liv med ett kapell som verkligen g\u00f6r skillnad.[\/et_pb_text][\/et_pb_column][\/et_pb_row][et_pb_row _builder_version=&#8221;4.24.0&#8243; _module_preset=&#8221;default&#8221; max_width=&#8221;1800px&#8221; global_colors_info=&#8221;{}&#8221;][et_pb_column type=&#8221;4_4&#8243; _builder_version=&#8221;4.22.0&#8243; _module_preset=&#8221;default&#8221; global_colors_info=&#8221;{}&#8221;][et_pb_image src=&#8221;https:\/\/maritexkapell.se\/wp-content\/uploads\/2024\/08\/IMG_3924-scaled.jpg&#8221; title_text=&#8221;IMG_3924&#8243; align=&#8221;center&#8221; _builder_version=&#8221;4.27.0&#8243; _module_preset=&#8221;default&#8221; width=&#8221;60%&#8221; custom_margin=&#8221;||||false|false&#8221; custom_padding=&#8221;6%||6%||true|false&#8221; scroll_scaling_enable=&#8221;on&#8221; scroll_scaling=&#8221;0|100|100|100|90%|100|100&#8243; border_radii=&#8221;on|1000px|1000px|1000px|1000px&#8221; global_colors_info=&#8221;{}&#8221;][\/et_pb_image][et_pb_image src=&#8221;https:\/\/maritexkapell.se\/wp-content\/uploads\/2024\/08\/Sol.jpg&#8221; title_text=&#8221;Sol&#8221; _builder_version=&#8221;4.27.0&#8243; _module_preset=&#8221;default&#8221; transform_translate=&#8221;100%|0px&#8221; transform_translate_linked=&#8221;off&#8221; positioning=&#8221;absolute&#8221; width=&#8221;10%&#8221; filter_opacity=&#8221;50%&#8221; scroll_rotating_enable=&#8221;on&#8221; scroll_rotating=&#8221;0|50|50|100|40\u00b0|0|-40\u00b0&#8221; global_colors_info=&#8221;{}&#8221;][\/et_pb_image][et_pb_image src=&#8221;https:\/\/maritexkapell.se\/wp-content\/uploads\/2024\/08\/energy-7.jpg&#8221; title_text=&#8221;energy-7&#8243; _builder_version=&#8221;4.24.0&#8243; _module_preset=&#8221;default&#8221; positioning=&#8221;absolute&#8221; position_origin_a=&#8221;bottom_left&#8221; position_origin_a_last_edited=&#8221;off|tablet&#8221; position_origin_f_last_edited=&#8221;off|tablet&#8221; position_origin_r_last_edited=&#8221;off|tablet&#8221; width=&#8221;20%&#8221; scroll_fade_enable=&#8221;on&#8221; positioning_last_edited=&#8221;off|tablet&#8221; border_radii=&#8221;on|1000px|1000px|1000px|1000px&#8221; global_colors_info=&#8221;{}&#8221;][\/et_pb_image][et_pb_image src=&#8221;https:\/\/maritexkapell.se\/wp-content\/uploads\/2024\/08\/gront-kapell-scaled.jpg&#8221; title_text=&#8221;gr\u00f6nt kapell&#8221; _builder_version=&#8221;4.27.0&#8243; _module_preset=&#8221;default&#8221; positioning=&#8221;absolute&#8221; position_origin_a=&#8221;top_right&#8221; width=&#8221;12%&#8221; filter_opacity=&#8221;66%&#8221; scroll_blur_enable=&#8221;on&#8221; border_radii=&#8221;on|1vw|1vw|1vw|1vw&#8221; global_colors_info=&#8221;{}&#8221;][\/et_pb_image][et_pb_image src=&#8221;https:\/\/maritexkapell.se\/wp-content\/uploads\/2024\/08\/vind.jpg&#8221; title_text=&#8221;vind&#8221; align_last_edited=&#8221;off|desktop&#8221; _builder_version=&#8221;4.27.0&#8243; _module_preset=&#8221;default&#8221; positioning=&#8221;absolute&#8221; position_origin_a=&#8221;bottom_right&#8221; position_origin_a_last_edited=&#8221;off|tablet&#8221; position_origin_f_last_edited=&#8221;off|tablet&#8221; position_origin_r_last_edited=&#8221;off|tablet&#8221; width=&#8221;18%&#8221; scroll_rotating_enable=&#8221;on&#8221; scroll_rotating=&#8221;0|50|50|100|-30\u00b0|0|30\u00b0&#8221; positioning_last_edited=&#8221;off|tablet&#8221; global_colors_info=&#8221;{}&#8221;][\/et_pb_image][\/et_pb_column][\/et_pb_row][\/et_pb_section][et_pb_section fb_built=&#8221;1&#8243; prev_background_color=&#8221;#ffffff&#8221; admin_label=&#8221;Services&#8221; _builder_version=&#8221;4.27.0&#8243; _module_preset=&#8221;default&#8221; background_color=&#8221;#f2f0eb&#8221; top_divider_style=&#8221;wave&#8221; collapsed=&#8221;on&#8221; global_colors_info=&#8221;{}&#8221;][et_pb_row column_structure=&#8221;1_4,1_4,1_2&#8243; _builder_version=&#8221;4.22.0&#8243; _module_preset=&#8221;default&#8221; max_width=&#8221;1800px&#8221; global_colors_info=&#8221;{}&#8221;][et_pb_column type=&#8221;1_4&#8243; _builder_version=&#8221;4.22.0&#8243; _module_preset=&#8221;default&#8221; global_colors_info=&#8221;{}&#8221;][et_pb_text _builder_version=&#8221;4.27.0&#8243; _module_preset=&#8221;7ddd56ad-346f-4548-820c-4039abed779e&#8221; header_2_font_size=&#8221;48px&#8221; custom_margin=&#8221;||10px||false|false&#8221; global_colors_info=&#8221;{}&#8221;]<\/p>\n<h3>V\u00e5ra tj\u00e4nster !<\/h3>\n<p>[\/et_pb_text][\/et_pb_column][et_pb_column type=&#8221;1_4&#8243; _builder_version=&#8221;4.22.0&#8243; _module_preset=&#8221;default&#8221; global_colors_info=&#8221;{}&#8221;][et_pb_text _builder_version=&#8221;4.27.0&#8243; _module_preset=&#8221;39c9a5c5-2c42-429b-b754-b493a7f468b4&#8243; custom_margin=&#8221;||0px||false|false&#8221; global_colors_info=&#8221;{}&#8221;]<\/p>\n<h5>Kapell f\u00f6r motorb\u00e5tar\u00a0<\/h5>\n<p>[\/et_pb_text][et_pb_text _builder_version=&#8221;4.27.0&#8243; _module_preset=&#8221;311c875f-10ec-49e5-b473-aa8d1b574613&#8243; custom_margin=&#8221;||159px|||&#8221; hover_enabled=&#8221;0&#8243; global_colors_info=&#8221;{}&#8221; sticky_enabled=&#8221;0&#8243;]<\/p>\n<p>Vi har l\u00e5ng erfarenhet av kapells\u00f6mnad. Tillsammans tar vi fram den b\u00e4sta l\u00f6sningen f\u00f6r din b\u00e5t.<\/p>\n<p>[\/et_pb_text][et_pb_text _builder_version=&#8221;4.27.0&#8243; _module_preset=&#8221;39c9a5c5-2c42-429b-b754-b493a7f468b4&#8243; custom_margin=&#8221;||0px||false|false&#8221; global_colors_info=&#8221;{}&#8221;]<\/p>\n<h5>Kapell f\u00f6r segelb\u00e5tar\u00a0<\/h5>\n<p>[\/et_pb_text][et_pb_text _builder_version=&#8221;4.27.0&#8243; _module_preset=&#8221;311c875f-10ec-49e5-b473-aa8d1b574613&#8243; min_height=&#8221;186.2px&#8221; global_colors_info=&#8221;{}&#8221;]<\/p>\n<p>Kapell till segelb\u00e5tar st\u00e4ller stora krav p\u00e5 smarta l\u00f6sningar. Det ska f\u00f6rvaras tryggt vid segling och vara smidigt och enkelt att montera n\u00e4r ligger i hamn. Vi har kunskapen och l\u00f6sningarna.<\/p>\n<p>&nbsp;<\/p>\n<p>[\/et_pb_text][et_pb_text _builder_version=&#8221;4.27.0&#8243; _module_preset=&#8221;39c9a5c5-2c42-429b-b754-b493a7f468b4&#8243; custom_margin=&#8221;||0px||false|false&#8221; global_colors_info=&#8221;{}&#8221;]<\/p>\n<h5>Solskydd<\/h5>\n<p>[\/et_pb_text][et_pb_text _builder_version=&#8221;4.27.0&#8243; _module_preset=&#8221;311c875f-10ec-49e5-b473-aa8d1b574613&#8243; global_colors_info=&#8221;{}&#8221;]<\/p>\n<p>Ett effektivt solskydd skyddar inredningen och ger sk\u00f6n skugga varma sommardagar.<\/p>\n<p>[\/et_pb_text][\/et_pb_column][et_pb_column type=&#8221;1_2&#8243; _builder_version=&#8221;4.22.0&#8243; _module_preset=&#8221;default&#8221; global_colors_info=&#8221;{}&#8221;][et_pb_image src=&#8221;https:\/\/maritexkapell.se\/wp-content\/uploads\/2024\/09\/IMG_3903-scaled.jpg&#8221; title_text=&#8221;IMG_3903&#8243; _builder_version=&#8221;4.27.0&#8243; _module_preset=&#8221;default&#8221; min_height=&#8221;161.3px&#8221; height=&#8221;198px&#8221; custom_margin=&#8221;||74px|||&#8221; border_radii=&#8221;on|30px|30px|30px|30px&#8221; global_colors_info=&#8221;{}&#8221;][\/et_pb_image][et_pb_image src=&#8221;https:\/\/maritexkapell.se\/wp-content\/uploads\/2024\/09\/IMG_1793-scaled.jpg&#8221; title_text=&#8221;IMG_1793&#8243; _builder_version=&#8221;4.27.0&#8243; _module_preset=&#8221;default&#8221; min_height=&#8221;161.3px&#8221; height=&#8221;198px&#8221; custom_margin=&#8221;||74px|||&#8221; border_radii=&#8221;on|30px|30px|30px|30px&#8221; global_colors_info=&#8221;{}&#8221;][\/et_pb_image][et_pb_image src=&#8221;https:\/\/maritexkapell.se\/wp-content\/uploads\/2024\/09\/IMG_4110.jpg&#8221; title_text=&#8221;IMG_4110&#8243; _builder_version=&#8221;4.27.0&#8243; _module_preset=&#8221;default&#8221; min_height=&#8221;161.3px&#8221; height=&#8221;198px&#8221; custom_margin=&#8221;||74px|||&#8221; border_radii=&#8221;on|30px|30px|30px|30px&#8221; global_colors_info=&#8221;{}&#8221;][\/et_pb_image][\/et_pb_column][\/et_pb_row][\/et_pb_section][et_pb_section fb_built=&#8221;1&#8243; specialty=&#8221;on&#8221; prev_background_color=&#8221;#f2f0eb&#8221; admin_label=&#8221;Footer&#8221; _builder_version=&#8221;4.27.0&#8243; _module_preset=&#8221;default&#8221; background_color=&#8221;#FFFFFF&#8221; inner_max_width=&#8221;1800px&#8221; overflow-x=&#8221;hidden&#8221; overflow-y=&#8221;hidden&#8221; custom_padding=&#8221;||0px|||&#8221; top_divider_style=&#8221;wave&#8221; saved_tabs=&#8221;all&#8221; global_colors_info=&#8221;{}&#8221;][et_pb_column type=&#8221;3_4&#8243; specialty_columns=&#8221;3&#8243; _builder_version=&#8221;4.16&#8243; _module_preset=&#8221;default&#8221; custom_padding=&#8221;|||&#8221; global_colors_info=&#8221;{}&#8221; custom_padding__hover=&#8221;|||&#8221;][et_pb_row_inner _builder_version=&#8221;4.24.0&#8243; _module_preset=&#8221;default&#8221; custom_padding=&#8221;||20px||false|false&#8221; locked=&#8221;off&#8221; global_colors_info=&#8221;{}&#8221;][et_pb_column_inner saved_specialty_column_type=&#8221;3_4&#8243; _builder_version=&#8221;4.22.0&#8243; _module_preset=&#8221;default&#8221; global_colors_info=&#8221;{}&#8221;][et_pb_text _builder_version=&#8221;4.27.0&#8243; _module_preset=&#8221;716df694-8c4e-4054-94df-4b40715cf85f&#8221; global_colors_info=&#8221;{}&#8221;]<\/p>\n<h2>Om oss<\/h2>\n<p>[\/et_pb_text][\/et_pb_column_inner][\/et_pb_row_inner][et_pb_row_inner column_structure=&#8221;1_2,1_2&#8243; _builder_version=&#8221;4.22.0&#8243; _module_preset=&#8221;default&#8221; custom_padding=&#8221;0px|||||&#8221; locked=&#8221;off&#8221; global_colors_info=&#8221;{}&#8221;][et_pb_column_inner type=&#8221;1_2&#8243; saved_specialty_column_type=&#8221;3_4&#8243; _builder_version=&#8221;4.22.0&#8243; _module_preset=&#8221;default&#8221; global_colors_info=&#8221;{}&#8221;][et_pb_blurb image_icon_background_color=&#8221;gcid-a93f2103-1d8b-43bb-b21d-81d84bba8b15&#8243; _builder_version=&#8221;4.27.0&#8243; _module_preset=&#8221;a7c4f928-4258-4197-9f9a-ef5c7ea88aa3&#8243; custom_margin=&#8221;||30px||false|false&#8221; locked=&#8221;off&#8221; global_colors_info=&#8221;{%22gcid-779a3d53-700b-4950-9fae-611323b51b16%22:%91%22body_link_text_color%22,%22body_link_text_color%22,%22body_link_text_color%22%93,%22gcid-a93f2103-1d8b-43bb-b21d-81d84bba8b15%22:%91%22image_icon_background_color%22,%22image_icon_background_color%22,%22image_icon_background_color%22%93}&#8221;]Sedan starten 2011 har Maritex Kapell AB under ledning av Johan Karlsson blivit en p\u00e5litlig partner f\u00f6r alla b\u00e5t\u00e4lskare. Med v\u00e5r gedigna erfarenhet och passion f\u00f6r kvalitet skr\u00e4ddarsyr vi kapell som skyddar och f\u00f6rsk\u00f6nar, oavsett v\u00e4der eller b\u00e5ttyp. Vi f\u00f6rst\u00e5r vikten av att varje detalj \u00e4r perfekt och arbetar n\u00e4ra dig f\u00f6r att skapa l\u00f6sningar som matchar b\u00e5de funktion och stil. Hos oss f\u00e5r du inte bara ett kapell, utan en trygghet p\u00e5 vattnet. L\u00e5t oss hj\u00e4lpa dig att njuta av varje stund till sj\u00f6ss med ett kapell fr\u00e5n Maritex.[\/et_pb_blurb][\/et_pb_column_inner][et_pb_column_inner type=&#8221;1_2&#8243; saved_specialty_column_type=&#8221;3_4&#8243; _builder_version=&#8221;4.22.0&#8243; _module_preset=&#8221;default&#8221; global_colors_info=&#8221;{}&#8221;][\/et_pb_column_inner][\/et_pb_row_inner][\/et_pb_column][et_pb_column type=&#8221;1_4&#8243; _builder_version=&#8221;4.16&#8243; _module_preset=&#8221;default&#8221; custom_padding=&#8221;|||&#8221; global_colors_info=&#8221;{}&#8221; custom_padding__hover=&#8221;|||&#8221;][et_pb_image src=&#8221;https:\/\/maritexkapell.se\/wp-content\/uploads\/2024\/08\/Bodar-scaled.jpg&#8221; title_text=&#8221;Bodar&#8221; _builder_version=&#8221;4.27.0&#8243; _module_preset=&#8221;default&#8221; border_radii=&#8221;on|30px|30px|30px|30px&#8221; locked=&#8221;off&#8221; global_colors_info=&#8221;{}&#8221;][\/et_pb_image][et_pb_image src=&#8221;https:\/\/maritexkapell.se\/wp-content\/uploads\/2024\/08\/illustration-06.png&#8221; title_text=&#8221;illustration-06&#8243; _builder_version=&#8221;4.24.0&#8243; _module_preset=&#8221;default&#8221; transform_translate=&#8221;50%|-20%&#8221; transform_translate_linked=&#8221;off&#8221; positioning=&#8221;absolute&#8221; position_origin_a=&#8221;top_right&#8221; width=&#8221;80%&#8221; locked=&#8221;off&#8221; global_colors_info=&#8221;{}&#8221;][\/et_pb_image][\/et_pb_column][\/et_pb_section][et_pb_section fb_built=&#8221;1&#8243; admin_label=&#8221;Footer Copyright&#8221; _builder_version=&#8221;4.24.0&#8243; _module_preset=&#8221;default&#8221; background_color=&#8221;gcid-a93f2103-1d8b-43bb-b21d-81d84bba8b15&#8243; custom_padding=&#8221;0px||0px||true|false&#8221; saved_tabs=&#8221;all&#8221; collapsed=&#8221;on&#8221; global_colors_info=&#8221;{%22gcid-a93f2103-1d8b-43bb-b21d-81d84bba8b15%22:%91%22background_color%22%93}&#8221;][et_pb_row _builder_version=&#8221;4.22.0&#8243; _module_preset=&#8221;default&#8221; global_colors_info=&#8221;{}&#8221;][et_pb_column type=&#8221;4_4&#8243; _builder_version=&#8221;4.22.0&#8243; _module_preset=&#8221;default&#8221; global_colors_info=&#8221;{}&#8221;][et_pb_text _builder_version=&#8221;4.27.0&#8243; _dynamic_attributes=&#8221;content&#8221; _module_preset=&#8221;9b28da4b-a482-4cb9-984f-e4a84e705e66&#8243; text_orientation=&#8221;center&#8221; global_colors_info=&#8221;{}&#8221;]@ET-DC@eyJkeW5hbWljIjp0cnVlLCJjb250ZW50IjoiY3VycmVudF9kYXRlIiwic2V0dGluZ3MiOnsiYmVmb3JlIjoiQ29weXJpZ2h0ICZjb3B5OyAiLCJhZnRlciI6IiBNYXJpdGV4IEthcGVsbCBBQi4gQWxsIFJpZ2h0cyBSZXNlcnZlZC4iLCJkYXRlX2Zvcm1hdCI6ImN1c3RvbSIsImN1c3RvbV9kYXRlX2Zvcm1hdCI6IlkifX0=@[\/et_pb_text][\/et_pb_column][\/et_pb_row][\/et_pb_section]<\/p>\n","protected":false},"excerpt":{"rendered":"<p>Maritex Kapell AB &nbsp;Kapell f\u00f6r alla v\u00e4der!Vi str\u00e4var alltid efter att leverera b\u00e4sta m\u00f6jliga kapell.Vi p\u00e5 Maritex Kapell f\u00f6rst\u00e5r att varje b\u00e5t och \u00e4ventyr \u00e4r unikt, d\u00e4rf\u00f6r erbjuder vi inte bara skr\u00e4ddarsydda kapell utan ocks\u00e5 en helhetsl\u00f6sning som st\u00e4rker ditt f\u00f6rtroende till sj\u00f6ss. V\u00e5r passion f\u00f6r detaljer och kvalitet genomsyrar allt vi g\u00f6r, fr\u00e5n materialval [&hellip;]<\/p>\n","protected":false},"author":1,"featured_media":0,"parent":0,"menu_order":0,"comment_status":"closed","ping_status":"closed","template":"","meta":{"_et_pb_use_builder":"on","_et_pb_old_content":"","_et_gb_content_width":"","footnotes":""},"class_list":["post-7","page","type-page","status-publish","hentry"],"_links":{"self":[{"href":"https:\/\/maritexkapell.se\/index.php?rest_route=\/wp\/v2\/pages\/7","targetHints":{"allow":["GET"]}}],"collection":[{"href":"https:\/\/maritexkapell.se\/index.php?rest_route=\/wp\/v2\/pages"}],"about":[{"href":"https:\/\/maritexkapell.se\/index.php?rest_route=\/wp\/v2\/types\/page"}],"author":[{"embeddable":true,"href":"https:\/\/maritexkapell.se\/index.php?rest_route=\/wp\/v2\/users\/1"}],"replies":[{"embeddable":true,"href":"https:\/\/maritexkapell.se\/index.php?rest_route=%2Fwp%2Fv2%2Fcomments&post=7"}],"version-history":[{"count":19,"href":"https:\/\/maritexkapell.se\/index.php?rest_route=\/wp\/v2\/pages\/7\/revisions"}],"predecessor-version":[{"id":135,"href":"https:\/\/maritexkapell.se\/index.php?rest_route=\/wp\/v2\/pages\/7\/revisions\/135"}],"wp:attachment":[{"href":"https:\/\/maritexkapell.se\/index.php?rest_route=%2Fwp%2Fv2%2Fmedia&parent=7"}],"curies":[{"name":"wp","href":"https:\/\/api.w.org\/{rel}","templated":true}]}}